{"id":47,"date":"2021-07-27T10:48:07","date_gmt":"2021-07-27T08:48:07","guid":{"rendered":"https:\/\/www.autoursduvin.com\/?page_id=47"},"modified":"2024-06-04T17:28:45","modified_gmt":"2024-06-04T15:28:45","slug":"a-propos","status":"publish","type":"page","link":"https:\/\/www.autoursduvin.com\/index.php\/a-propos\/","title":{"rendered":"\u00c0 propos"},"content":{"rendered":"<p>[et_pb_section fb_built=\u00a0\u00bb1&Prime; _builder_version=\u00a0\u00bb4.19.2&Prime; _module_preset=\u00a0\u00bbdefault\u00a0\u00bb background_enable_color=\u00a0\u00bboff\u00a0\u00bb background_image=\u00a0\u00bbhttps:\/\/www.autoursduvin.com\/wp-content\/uploads\/2023\/10\/Navy-and-Purple-Abstract-Best-Design-Site-Blog-Banner-16.png\u00a0\u00bb background_position=\u00a0\u00bbtop_right\u00a0\u00bb background_horizontal_offset=\u00a0\u00bb3%\u00a0\u00bb background_vertical_offset=\u00a0\u00bb83%\u00a0\u00bb global_colors_info=\u00a0\u00bb{}\u00a0\u00bb][et_pb_row _builder_version=\u00a0\u00bb4.19.2&Prime; _module_preset=\u00a0\u00bbdefault\u00a0\u00bb hover_enabled=\u00a0\u00bb0&Prime; global_colors_info=\u00a0\u00bb{}\u00a0\u00bb sticky_enabled=\u00a0\u00bb0&Prime;][et_pb_column type=\u00a0\u00bb4_4&Prime; _builder_version=\u00a0\u00bb4.19.2&Prime; _module_preset=\u00a0\u00bbdefault\u00a0\u00bb global_colors_info=\u00a0\u00bb{}\u00a0\u00bb][et_pb_text _builder_version=\u00a0\u00bb4.23.4&Prime; _module_preset=\u00a0\u00bbdefault\u00a0\u00bb text_font=\u00a0\u00bbArial||||||||\u00a0\u00bb text_text_color=\u00a0\u00bb#000000&Prime; header_font=\u00a0\u00bbArial||||||||\u00a0\u00bb header_text_align=\u00a0\u00bbcenter\u00a0\u00bb header_text_color=\u00a0\u00bb#FFFFFF\u00a0\u00bb header_font_size=\u00a0\u00bb80px\u00a0\u00bb header_line_height=\u00a0\u00bb1.2em\u00a0\u00bb header_2_font=\u00a0\u00bbArial||||||||\u00a0\u00bb header_2_text_color=\u00a0\u00bb#FFFFFF\u00a0\u00bb header_2_font_size=\u00a0\u00bb24px\u00a0\u00bb header_2_letter_spacing=\u00a0\u00bb1px\u00a0\u00bb header_2_line_height=\u00a0\u00bb1.5em\u00a0\u00bb hover_enabled=\u00a0\u00bb0&Prime; global_colors_info=\u00a0\u00bb{}\u00a0\u00bb text_line_height=\u00a0\u00bb1.6em\u00a0\u00bb sticky_enabled=\u00a0\u00bb0&Prime;]<\/p>\n<h1 style=\"text-align: center;\"><strong>Autours du vin<br \/><\/strong><\/h1>\n<h2 style=\"text-align: center;\">Votre caviste Fondettois<\/h2>\n<p>[\/et_pb_text][\/et_pb_column][\/et_pb_row][\/et_pb_section][et_pb_section fb_built=\u00a0\u00bb1&Prime; _builder_version=\u00a0\u00bb4.19.2&Prime; _module_preset=\u00a0\u00bbdefault\u00a0\u00bb global_colors_info=\u00a0\u00bb{}\u00a0\u00bb][et_pb_row column_structure=\u00a0\u00bb2_5,3_5&Prime; _builder_version=\u00a0\u00bb4.19.2&Prime; _module_preset=\u00a0\u00bbdefault\u00a0\u00bb global_colors_info=\u00a0\u00bb{}\u00a0\u00bb][et_pb_column type=\u00a0\u00bb2_5&Prime; _builder_version=\u00a0\u00bb4.19.2&Prime; _module_preset=\u00a0\u00bbdefault\u00a0\u00bb global_colors_info=\u00a0\u00bb{}\u00a0\u00bb][et_pb_text _builder_version=\u00a0\u00bb4.19.2&Prime; _module_preset=\u00a0\u00bbdefault\u00a0\u00bb text_font=\u00a0\u00bbArial||||||||\u00a0\u00bb text_line_height=\u00a0\u00bb1.5em\u00a0\u00bb header_font=\u00a0\u00bbArial||||||||\u00a0\u00bb header_3_font=\u00a0\u00bbArial||||||||\u00a0\u00bb header_3_text_color=\u00a0\u00bb#9D1B35&Prime; header_3_font_size=\u00a0\u00bb39px\u00a0\u00bb header_3_letter_spacing=\u00a0\u00bb1px\u00a0\u00bb header_3_line_height=\u00a0\u00bb1.5em\u00a0\u00bb custom_margin=\u00a0\u00bb0px||||false|false\u00a0\u00bb global_colors_info=\u00a0\u00bb{}\u00a0\u00bb]<\/p>\n<h3><strong><a href=\"https:\/\/www.autoursduvin.com\/wp-content\/uploads\/2023\/10\/IMG_1436.png\"><\/a>Notre histoire<\/strong><strong><\/strong><\/h3>\n<p><span><\/span><\/p>\n<p style=\"text-align: left;\"><span>Autours du Vin a ouvert ses portes il y a maintenant <strong>huit ans<\/strong> avec une mission claire : faire d\u00e9couvrir les <strong>tr\u00e9sors viticoles<\/strong> de la Loire et d&rsquo;ailleurs. Depuis plus de <strong>30 ans<\/strong>, notre fondateur, <strong>Christophe Garnier<\/strong>, a \u00e9t\u00e9 l&rsquo;ambassadeur d\u00e9vou\u00e9 d&rsquo;un groupe de <strong>vignerons de la Loire<\/strong>. Son expertise et son amour pour le vin se sont transmis \u00e0 notre \u00e9quipe, et nous nous engageons \u00e0 partager notre passion pour les <strong>vins et spiritueux de qualit\u00e9.<br \/><a href=\"https:\/\/www.autoursduvin.com\/wp-content\/uploads\/2023\/10\/IMG_1437.png\"><img loading=\"lazy\" decoding=\"async\" src=\"https:\/\/www.autoursduvin.com\/wp-content\/uploads\/2023\/10\/IMG_1437-300x300.png\" width=\"95\" height=\"95\" alt=\"\" class=\"wp-image-226264 alignnone size-medium\" style=\"display: block; margin-left: auto; margin-right: auto;\" \/><\/a><br \/><\/strong><\/span><\/p>\n<p><span><strong><\/strong><\/span><\/p>\n<p>[\/et_pb_text][\/et_pb_column][et_pb_column type=\u00a0\u00bb3_5&Prime; _builder_version=\u00a0\u00bb4.19.2&Prime; _module_preset=\u00a0\u00bbdefault\u00a0\u00bb global_colors_info=\u00a0\u00bb{}\u00a0\u00bb][et_pb_image src=\u00a0\u00bbhttps:\/\/www.autoursduvin.com\/wp-content\/uploads\/2023\/10\/Au-Tours-du-Vin-14-scaled.jpg\u00a0\u00bb alt=\u00a0\u00bbToute l&rsquo;\u00e9quipe de la cave r\u00e9unie\u00a0\u00bb title_text=\u00a0\u00bbAu Tours du Vin-14&Prime; _builder_version=\u00a0\u00bb4.19.2&Prime; _module_preset=\u00a0\u00bbdefault\u00a0\u00bb global_colors_info=\u00a0\u00bb{}\u00a0\u00bb][\/et_pb_image][et_pb_icon font_icon=\u00a0\u00bb&#x22;||divi||400&Prime; icon_color=\u00a0\u00bb#9D1B35&Prime; icon_width=\u00a0\u00bb60px\u00a0\u00bb _builder_version=\u00a0\u00bb4.19.2&Prime; _module_preset=\u00a0\u00bbdefault\u00a0\u00bb global_colors_info=\u00a0\u00bb{}\u00a0\u00bb][\/et_pb_icon][\/et_pb_column][\/et_pb_row][\/et_pb_section][et_pb_section fb_built=\u00a0\u00bb1&Prime; _builder_version=\u00a0\u00bb4.19.2&Prime; _module_preset=\u00a0\u00bbdefault\u00a0\u00bb background_color=\u00a0\u00bb#9D1B35&Prime; background_image=\u00a0\u00bbhttps:\/\/www.autoursduvin.com\/wp-content\/uploads\/2023\/10\/IMG_1442.png\u00a0\u00bb global_colors_info=\u00a0\u00bb{}\u00a0\u00bb][et_pb_row _builder_version=\u00a0\u00bb4.19.2&Prime; _module_preset=\u00a0\u00bbdefault\u00a0\u00bb global_colors_info=\u00a0\u00bb{}\u00a0\u00bb][et_pb_column type=\u00a0\u00bb4_4&Prime; _builder_version=\u00a0\u00bb4.19.2&Prime; _module_preset=\u00a0\u00bbdefault\u00a0\u00bb global_colors_info=\u00a0\u00bb{}\u00a0\u00bb][et_pb_text _builder_version=\u00a0\u00bb4.19.2&Prime; _module_preset=\u00a0\u00bbdefault\u00a0\u00bb header_font_size=\u00a0\u00bb39px\u00a0\u00bb header_3_font=\u00a0\u00bbArial||||||||\u00a0\u00bb header_3_text_align=\u00a0\u00bbcenter\u00a0\u00bb header_3_text_color=\u00a0\u00bb#FFFFFF\u00a0\u00bb header_3_font_size=\u00a0\u00bb39px\u00a0\u00bb header_3_letter_spacing=\u00a0\u00bb1px\u00a0\u00bb header_3_line_height=\u00a0\u00bb1.5em\u00a0\u00bb global_colors_info=\u00a0\u00bb{}\u00a0\u00bb]<\/p>\n<h3 style=\"text-align: center;\"><strong>Autours du vin c&rsquo;est aussi \u00e7a !<\/strong><\/h3>\n<p>[\/et_pb_text][\/et_pb_column][\/et_pb_row][et_pb_row column_structure=\u00a0\u00bb1_3,1_3,1_3&Prime; _builder_version=\u00a0\u00bb4.19.2&Prime; _module_preset=\u00a0\u00bbdefault\u00a0\u00bb global_colors_info=\u00a0\u00bb{}\u00a0\u00bb][et_pb_column type=\u00a0\u00bb1_3&Prime; _builder_version=\u00a0\u00bb4.19.2&Prime; _module_preset=\u00a0\u00bbdefault\u00a0\u00bb global_colors_info=\u00a0\u00bb{}\u00a0\u00bb][et_pb_blurb title=\u00a0\u00bbBar \u00e0 vin after work\u00a0\u00bb image=\u00a0\u00bbhttps:\/\/www.autoursduvin.com\/wp-content\/uploads\/2023\/10\/Logo_ADV__7_-removebg-preview.png\u00a0\u00bb alt=\u00a0\u00bbPlanche mixte avec tartinade de l\u00e9gumes, fromages, saucissons\u00a0\u00bb _builder_version=\u00a0\u00bb4.19.2&Prime; _module_preset=\u00a0\u00bbdefault\u00a0\u00bb header_font=\u00a0\u00bbArial|700||on|||||\u00a0\u00bb header_text_align=\u00a0\u00bbcenter\u00a0\u00bb header_text_color=\u00a0\u00bb#FFFFFF\u00a0\u00bb body_font=\u00a0\u00bbArial||||||||\u00a0\u00bb body_text_align=\u00a0\u00bbcenter\u00a0\u00bb body_text_color=\u00a0\u00bb#FFFFFF\u00a0\u00bb body_line_height=\u00a0\u00bb1.5em\u00a0\u00bb global_colors_info=\u00a0\u00bb{}\u00a0\u00bb]<\/p>\n<p class=\"cvGsUA direction-ltr align-justify para-style-body\"><span class=\"OYPEnA text-decoration-none text-strikethrough-none\"><br \/>\u00ab Mettez-vous au verre ! \u00bb en partageant un <\/span><span class=\"OYPEnA text-decoration-none text-strikethrough-none\">moment de d\u00e9tente<\/span><span class=\"OYPEnA text-decoration-none text-strikethrough-none\"> avec vos amis, vos coll\u00e8gues, votre famille \u2026<\/span><span class=\"OYPEnA text-decoration-none text-strikethrough-none white-space-prewrap\"> <\/span><\/p>\n<p class=\"cvGsUA direction-ltr align-justify para-style-body\"><span class=\"OYPEnA text-decoration-none text-strikethrough-none\">Nous proposons une s\u00e9lection de <\/span><strong><span class=\"OYPEnA text-decoration-none text-strikethrough-none\">vins au verre<\/span><\/strong><span class=\"OYPEnA text-decoration-none text-strikethrough-none\">, de <\/span><strong><span class=\"OYPEnA text-decoration-none text-strikethrough-none\">bi\u00e8res locales<\/span><\/strong><span class=\"OYPEnA text-decoration-none text-strikethrough-none\">, mais aussi de <\/span><strong><span class=\"OYPEnA text-decoration-none text-strikethrough-none\">jus de fruits<\/span><\/strong><span class=\"OYPEnA text-decoration-none text-strikethrough-none\">.<\/span><\/p>\n<p class=\"cvGsUA direction-ltr align-justify para-style-body\"><span class=\"OYPEnA text-decoration-none text-strikethrough-none\">Vous pouvez aussi vous faire plaisir avec notre <\/span><strong><span class=\"OYPEnA text-decoration-none text-strikethrough-none\">planche mixte<\/span><\/strong><span class=\"OYPEnA text-decoration-none text-strikethrough-none\"> (fromages, saucissons, tartinades de l\u00e9gumes)<\/span><span class=\"OYPEnA text-decoration-none text-strikethrough-none white-space-prewrap\"> <\/span><\/p>\n<p>[\/et_pb_blurb][\/et_pb_column][et_pb_column type=\u00a0\u00bb1_3&Prime; _builder_version=\u00a0\u00bb4.19.2&Prime; _module_preset=\u00a0\u00bbdefault\u00a0\u00bb global_colors_info=\u00a0\u00bb{}\u00a0\u00bb][et_pb_blurb title=\u00a0\u00bbCadeaux d&rsquo;affaires\u00a0\u00bb image=\u00a0\u00bbhttps:\/\/www.autoursduvin.com\/wp-content\/uploads\/2023\/10\/Logo_ADV__6_-removebg-preview.png\u00a0\u00bb alt=\u00a0\u00bbCoffret de vins avec bouteilles de Bourgogne, Bordeaux, Beaujolais, Vall\u00e9e de la Loire\u00a0\u00bb _builder_version=\u00a0\u00bb4.19.2&Prime; _module_preset=\u00a0\u00bbdefault\u00a0\u00bb header_font=\u00a0\u00bbArial|700||on|||||\u00a0\u00bb header_text_align=\u00a0\u00bbcenter\u00a0\u00bb header_text_color=\u00a0\u00bb#FFFFFF\u00a0\u00bb body_font=\u00a0\u00bbArial||||||||\u00a0\u00bb body_text_align=\u00a0\u00bbcenter\u00a0\u00bb body_text_color=\u00a0\u00bb#FFFFFF\u00a0\u00bb body_line_height=\u00a0\u00bb1.5em\u00a0\u00bb global_colors_info=\u00a0\u00bb{}\u00a0\u00bb]<\/p>\n<p class=\"cvGsUA direction-ltr align-justify para-style-body\"><span class=\"OYPEnA text-decoration-none text-strikethrough-none\"><br \/>Vous souhaitez <strong>offrir un cadeau<\/strong> \u00e0 vos collaborateurs, \u00e0 vos proches ?<\/span><\/p>\n<p class=\"cvGsUA direction-ltr align-justify para-style-body\"><strong><span class=\"OYPEnA text-decoration-none text-strikethrough-none\">On s\u2019occupe de tout !<\/span><\/strong><span class=\"OYPEnA text-decoration-none text-strikethrough-none white-space-prewrap\"> <\/span><\/p>\n<p class=\"cvGsUA direction-ltr align-justify para-style-body\"><span class=\"OYPEnA text-decoration-none text-strikethrough-none\">Nous vous accompagnons<\/span><span class=\"OYPEnA text-decoration-none text-strikethrough-none\"> dans la<strong> s\u00e9lection<\/strong>, la <strong>livraison<\/strong> et la <strong>personnalisation.<\/strong><\/span><\/p>\n<p>[\/et_pb_blurb][\/et_pb_column][et_pb_column type=\u00a0\u00bb1_3&Prime; _builder_version=\u00a0\u00bb4.19.2&Prime; _module_preset=\u00a0\u00bbdefault\u00a0\u00bb global_colors_info=\u00a0\u00bb{}\u00a0\u00bb][et_pb_blurb title=\u00a0\u00bbEspace \u00e9v\u00e9nementiel\u00a0\u00bb image=\u00a0\u00bbhttps:\/\/www.autoursduvin.com\/wp-content\/uploads\/2023\/10\/Logo_ADV__8_-removebg-preview.png\u00a0\u00bb alt=\u00a0\u00bbChristophe Garnier le g\u00e9rant de la cave qui l\u00e8ve son verre de vin \u00a0\u00bb _builder_version=\u00a0\u00bb4.23.4&Prime; _module_preset=\u00a0\u00bbdefault\u00a0\u00bb header_font=\u00a0\u00bbArial|700||on|||||\u00a0\u00bb header_text_align=\u00a0\u00bbcenter\u00a0\u00bb header_text_color=\u00a0\u00bb#FFFFFF\u00a0\u00bb body_font=\u00a0\u00bbArial||||||||\u00a0\u00bb body_text_align=\u00a0\u00bbcenter\u00a0\u00bb body_text_color=\u00a0\u00bb#FFFFFF\u00a0\u00bb body_line_height=\u00a0\u00bb1.5em\u00a0\u00bb hover_enabled=\u00a0\u00bb0&Prime; global_colors_info=\u00a0\u00bb{}\u00a0\u00bb sticky_enabled=\u00a0\u00bb0&Prime;]<\/p>\n<p class=\"cvGsUA direction-ltr align-justify para-style-body\"><span class=\"OYPEnA text-decoration-none text-strikethrough-none\"><br \/>Dans un cadre convivial, pour vos <strong>r\u00e9unions familiales<\/strong> ou <strong>professionnelles<\/strong>, nous vous proposons d\u2019<\/span><span class=\"OYPEnA text-decoration-none text-strikethrough-none\">organiser vos <strong>cocktails d\u00eenatoires<\/strong><\/span><span class=\"OYPEnA text-decoration-none text-strikethrough-none\">, en choisissant parmi les<strong> 300 r\u00e9f\u00e9rences<\/strong> de la cave.<\/span><span class=\"OYPEnA text-decoration-none text-strikethrough-none white-space-prewrap\"> <\/span><\/p>\n<p>[\/et_pb_blurb][\/et_pb_column][\/et_pb_row][et_pb_row _builder_version=\u00a0\u00bb4.19.2&Prime; _module_preset=\u00a0\u00bbdefault\u00a0\u00bb global_colors_info=\u00a0\u00bb{}\u00a0\u00bb][et_pb_column type=\u00a0\u00bb4_4&Prime; _builder_version=\u00a0\u00bb4.19.2&Prime; _module_preset=\u00a0\u00bbdefault\u00a0\u00bb global_colors_info=\u00a0\u00bb{}\u00a0\u00bb][et_pb_icon font_icon=\u00a0\u00bb&#x22;||divi||400&Prime; icon_color=\u00a0\u00bb#FFFFFF\u00a0\u00bb icon_width=\u00a0\u00bb60px\u00a0\u00bb _builder_version=\u00a0\u00bb4.19.2&Prime; _module_preset=\u00a0\u00bbdefault\u00a0\u00bb global_colors_info=\u00a0\u00bb{}\u00a0\u00bb][\/et_pb_icon][\/et_pb_column][\/et_pb_row][\/et_pb_section][et_pb_section fb_built=\u00a0\u00bb1&Prime; _builder_version=\u00a0\u00bb4.19.2&Prime; _module_preset=\u00a0\u00bbdefault\u00a0\u00bb background_color=\u00a0\u00bb#9D1B35&Prime; background_image=\u00a0\u00bbhttps:\/\/www.autoursduvin.com\/wp-content\/uploads\/2023\/10\/Navy-and-Purple-Abstract-Best-Design-Site-Blog-Banner-15.png\u00a0\u00bb background_position=\u00a0\u00bbcenter_left\u00a0\u00bb global_colors_info=\u00a0\u00bb{}\u00a0\u00bb][et_pb_row _builder_version=\u00a0\u00bb4.19.2&Prime; _module_preset=\u00a0\u00bbdefault\u00a0\u00bb global_colors_info=\u00a0\u00bb{}\u00a0\u00bb][et_pb_column type=\u00a0\u00bb4_4&Prime; _builder_version=\u00a0\u00bb4.19.2&Prime; _module_preset=\u00a0\u00bbdefault\u00a0\u00bb global_colors_info=\u00a0\u00bb{}\u00a0\u00bb][et_pb_text _builder_version=\u00a0\u00bb4.19.2&Prime; _module_preset=\u00a0\u00bbdefault\u00a0\u00bb header_text_color=\u00a0\u00bb#9D1B35&Prime; header_3_font=\u00a0\u00bbArial|700|||||||\u00a0\u00bb header_3_text_align=\u00a0\u00bbcenter\u00a0\u00bb header_3_text_color=\u00a0\u00bb#FFFFFF\u00a0\u00bb header_3_font_size=\u00a0\u00bb39px\u00a0\u00bb header_3_letter_spacing=\u00a0\u00bb1px\u00a0\u00bb header_3_line_height=\u00a0\u00bb1.5em\u00a0\u00bb global_colors_info=\u00a0\u00bb{}\u00a0\u00bb]<\/p>\n<h3 style=\"text-align: center;\">NE RATEZ PLUS AUCUNE ACTUALIT\u00c9 !<\/h3>\n<p>[\/et_pb_text][\/et_pb_column][\/et_pb_row][et_pb_row _builder_version=\u00a0\u00bb4.19.2&Prime; _module_preset=\u00a0\u00bbdefault\u00a0\u00bb global_colors_info=\u00a0\u00bb{}\u00a0\u00bb][et_pb_column type=\u00a0\u00bb4_4&Prime; _builder_version=\u00a0\u00bb4.19.2&Prime; _module_preset=\u00a0\u00bbdefault\u00a0\u00bb global_colors_info=\u00a0\u00bb{}\u00a0\u00bb][et_pb_button button_url=\u00a0\u00bbhttps:\/\/www.instagram.com\/autoursdu20\/?hl=fr\u00a0\u00bb button_text=\u00a0\u00bbEn savoir plus\u00a0\u00bb button_alignment=\u00a0\u00bbcenter\u00a0\u00bb _builder_version=\u00a0\u00bb4.23.4&Prime; _module_preset=\u00a0\u00bbdefault\u00a0\u00bb custom_button=\u00a0\u00bbon\u00a0\u00bb button_text_color=\u00a0\u00bb#FFFFFF\u00a0\u00bb button_border_color=\u00a0\u00bb#FFFFFF\u00a0\u00bb global_colors_info=\u00a0\u00bb{}\u00a0\u00bb][\/et_pb_button][\/et_pb_column][\/et_pb_row][\/et_pb_section]<\/p>\n","protected":false},"excerpt":{"rendered":"<p>Autours du vin Votre caviste FondettoisNotre histoire Autours du Vin a ouvert ses portes il y a maintenant huit ans avec une mission claire : faire d\u00e9couvrir les tr\u00e9sors viticoles de la Loire et d&rsquo;ailleurs. Depuis plus de 30 ans, notre fondateur, Christophe Garnier, a \u00e9t\u00e9 l&rsquo;ambassadeur d\u00e9vou\u00e9 d&rsquo;un groupe de vignerons de la Loire. [&hellip;]<\/p>\n","protected":false},"author":1,"featured_media":0,"parent":0,"menu_order":0,"comment_status":"closed","ping_status":"closed","template":"","meta":{"_et_pb_use_builder":"on","_et_pb_old_content":"","_et_gb_content_width":"","_monsterinsights_skip_tracking":false,"_monsterinsights_sitenote_active":false,"_monsterinsights_sitenote_note":"","_monsterinsights_sitenote_category":0,"footnotes":""},"acf":[],"yoast_head":"<!-- This site is optimized with the Yoast SEO plugin v22.8 - https:\/\/yoast.com\/wordpress\/plugins\/seo\/ -->\n<title>\u00c0 propos - AuTours du vin - Caviste et bar \u00e0 vins depuis 8 ans<\/title>\n<meta name=\"description\" content=\"Autours du vin votre caviste et bar \u00e0 vin vous propose une belle gamme de produits s\u00e9lectionn\u00e9s par une \u00e9quipe joyeuse et \u00e0 votre \u00e9coute !\" \/>\n<meta name=\"robots\" content=\"index, follow, max-snippet:-1, max-image-preview:large, max-video-preview:-1\" \/>\n<link rel=\"canonical\" href=\"https:\/\/www.autoursduvin.com\/index.php\/a-propos\/\" \/>\n<meta property=\"og:locale\" content=\"fr_FR\" \/>\n<meta property=\"og:type\" content=\"article\" \/>\n<meta property=\"og:title\" content=\"\u00c0 propos - AuTours du vin - Caviste et bar \u00e0 vins depuis 8 ans\" \/>\n<meta property=\"og:description\" content=\"Autours du vin votre caviste et bar \u00e0 vin vous propose une belle gamme de produits s\u00e9lectionn\u00e9s par une \u00e9quipe joyeuse et \u00e0 votre \u00e9coute !\" \/>\n<meta property=\"og:url\" content=\"https:\/\/www.autoursduvin.com\/index.php\/a-propos\/\" \/>\n<meta property=\"og:site_name\" content=\"AuTours du vin\" \/>\n<meta property=\"article:modified_time\" content=\"2024-06-04T15:28:45+00:00\" \/>\n<meta property=\"og:image\" content=\"https:\/\/www.autoursduvin.com\/wp-content\/uploads\/2023\/10\/IMG_1437-300x300.png\" \/>\n<meta name=\"twitter:card\" content=\"summary_large_image\" \/>\n<meta name=\"twitter:label1\" content=\"Dur\u00e9e de lecture estim\u00e9e\" \/>\n\t<meta name=\"twitter:data1\" content=\"3 minutes\" \/>\n<script type=\"application\/ld+json\" class=\"yoast-schema-graph\">{\"@context\":\"https:\/\/schema.org\",\"@graph\":[{\"@type\":\"WebPage\",\"@id\":\"https:\/\/www.autoursduvin.com\/index.php\/a-propos\/\",\"url\":\"https:\/\/www.autoursduvin.com\/index.php\/a-propos\/\",\"name\":\"\u00c0 propos - AuTours du vin - Caviste et bar \u00e0 vins depuis 8 ans\",\"isPartOf\":{\"@id\":\"https:\/\/www.autoursduvin.com\/#website\"},\"primaryImageOfPage\":{\"@id\":\"https:\/\/www.autoursduvin.com\/index.php\/a-propos\/#primaryimage\"},\"image\":{\"@id\":\"https:\/\/www.autoursduvin.com\/index.php\/a-propos\/#primaryimage\"},\"thumbnailUrl\":\"https:\/\/www.autoursduvin.com\/wp-content\/uploads\/2023\/10\/IMG_1437-300x300.png\",\"datePublished\":\"2021-07-27T08:48:07+00:00\",\"dateModified\":\"2024-06-04T15:28:45+00:00\",\"description\":\"Autours du vin votre caviste et bar \u00e0 vin vous propose une belle gamme de produits s\u00e9lectionn\u00e9s par une \u00e9quipe joyeuse et \u00e0 votre \u00e9coute !\",\"breadcrumb\":{\"@id\":\"https:\/\/www.autoursduvin.com\/index.php\/a-propos\/#breadcrumb\"},\"inLanguage\":\"fr-FR\",\"potentialAction\":[{\"@type\":\"ReadAction\",\"target\":[\"https:\/\/www.autoursduvin.com\/index.php\/a-propos\/\"]}]},{\"@type\":\"ImageObject\",\"inLanguage\":\"fr-FR\",\"@id\":\"https:\/\/www.autoursduvin.com\/index.php\/a-propos\/#primaryimage\",\"url\":\"https:\/\/www.autoursduvin.com\/wp-content\/uploads\/2023\/10\/IMG_1437.png\",\"contentUrl\":\"https:\/\/www.autoursduvin.com\/wp-content\/uploads\/2023\/10\/IMG_1437.png\",\"width\":500,\"height\":500},{\"@type\":\"BreadcrumbList\",\"@id\":\"https:\/\/www.autoursduvin.com\/index.php\/a-propos\/#breadcrumb\",\"itemListElement\":[{\"@type\":\"ListItem\",\"position\":1,\"name\":\"\",\"item\":\"https:\/\/www.autoursduvin.com\/\"},{\"@type\":\"ListItem\",\"position\":2,\"name\":\"\u00c0 propos\"}]},{\"@type\":\"WebSite\",\"@id\":\"https:\/\/www.autoursduvin.com\/#website\",\"url\":\"https:\/\/www.autoursduvin.com\/\",\"name\":\"AuTours du vin\",\"description\":\"Votre caviste fondettois\",\"publisher\":{\"@id\":\"https:\/\/www.autoursduvin.com\/#organization\"},\"potentialAction\":[{\"@type\":\"SearchAction\",\"target\":{\"@type\":\"EntryPoint\",\"urlTemplate\":\"https:\/\/www.autoursduvin.com\/?s={search_term_string}\"},\"query-input\":\"required name=search_term_string\"}],\"inLanguage\":\"fr-FR\"},{\"@type\":\"Organization\",\"@id\":\"https:\/\/www.autoursduvin.com\/#organization\",\"name\":\"AuTours du vin\",\"url\":\"https:\/\/www.autoursduvin.com\/\",\"logo\":{\"@type\":\"ImageObject\",\"inLanguage\":\"fr-FR\",\"@id\":\"https:\/\/www.autoursduvin.com\/#\/schema\/logo\/image\/\",\"url\":\"https:\/\/www.autoursduvin.com\/wp-content\/uploads\/2022\/04\/Sans_titre__8_-removebg-preview.png\",\"contentUrl\":\"https:\/\/www.autoursduvin.com\/wp-content\/uploads\/2022\/04\/Sans_titre__8_-removebg-preview.png\",\"width\":500,\"height\":500,\"caption\":\"AuTours du vin\"},\"image\":{\"@id\":\"https:\/\/www.autoursduvin.com\/#\/schema\/logo\/image\/\"}}]}<\/script>\n<!-- \/ Yoast SEO plugin. -->","yoast_head_json":{"title":"\u00c0 propos - AuTours du vin - Caviste et bar \u00e0 vins depuis 8 ans","description":"Autours du vin votre caviste et bar \u00e0 vin vous propose une belle gamme de produits s\u00e9lectionn\u00e9s par une \u00e9quipe joyeuse et \u00e0 votre \u00e9coute !","robots":{"index":"index","follow":"follow","max-snippet":"max-snippet:-1","max-image-preview":"max-image-preview:large","max-video-preview":"max-video-preview:-1"},"canonical":"https:\/\/www.autoursduvin.com\/index.php\/a-propos\/","og_locale":"fr_FR","og_type":"article","og_title":"\u00c0 propos - AuTours du vin - Caviste et bar \u00e0 vins depuis 8 ans","og_description":"Autours du vin votre caviste et bar \u00e0 vin vous propose une belle gamme de produits s\u00e9lectionn\u00e9s par une \u00e9quipe joyeuse et \u00e0 votre \u00e9coute !","og_url":"https:\/\/www.autoursduvin.com\/index.php\/a-propos\/","og_site_name":"AuTours du vin","article_modified_time":"2024-06-04T15:28:45+00:00","og_image":[{"url":"https:\/\/www.autoursduvin.com\/wp-content\/uploads\/2023\/10\/IMG_1437-300x300.png"}],"twitter_card":"summary_large_image","twitter_misc":{"Dur\u00e9e de lecture estim\u00e9e":"3 minutes"},"schema":{"@context":"https:\/\/schema.org","@graph":[{"@type":"WebPage","@id":"https:\/\/www.autoursduvin.com\/index.php\/a-propos\/","url":"https:\/\/www.autoursduvin.com\/index.php\/a-propos\/","name":"\u00c0 propos - AuTours du vin - Caviste et bar \u00e0 vins depuis 8 ans","isPartOf":{"@id":"https:\/\/www.autoursduvin.com\/#website"},"primaryImageOfPage":{"@id":"https:\/\/www.autoursduvin.com\/index.php\/a-propos\/#primaryimage"},"image":{"@id":"https:\/\/www.autoursduvin.com\/index.php\/a-propos\/#primaryimage"},"thumbnailUrl":"https:\/\/www.autoursduvin.com\/wp-content\/uploads\/2023\/10\/IMG_1437-300x300.png","datePublished":"2021-07-27T08:48:07+00:00","dateModified":"2024-06-04T15:28:45+00:00","description":"Autours du vin votre caviste et bar \u00e0 vin vous propose une belle gamme de produits s\u00e9lectionn\u00e9s par une \u00e9quipe joyeuse et \u00e0 votre \u00e9coute !","breadcrumb":{"@id":"https:\/\/www.autoursduvin.com\/index.php\/a-propos\/#breadcrumb"},"inLanguage":"fr-FR","potentialAction":[{"@type":"ReadAction","target":["https:\/\/www.autoursduvin.com\/index.php\/a-propos\/"]}]},{"@type":"ImageObject","inLanguage":"fr-FR","@id":"https:\/\/www.autoursduvin.com\/index.php\/a-propos\/#primaryimage","url":"https:\/\/www.autoursduvin.com\/wp-content\/uploads\/2023\/10\/IMG_1437.png","contentUrl":"https:\/\/www.autoursduvin.com\/wp-content\/uploads\/2023\/10\/IMG_1437.png","width":500,"height":500},{"@type":"BreadcrumbList","@id":"https:\/\/www.autoursduvin.com\/index.php\/a-propos\/#breadcrumb","itemListElement":[{"@type":"ListItem","position":1,"name":"","item":"https:\/\/www.autoursduvin.com\/"},{"@type":"ListItem","position":2,"name":"\u00c0 propos"}]},{"@type":"WebSite","@id":"https:\/\/www.autoursduvin.com\/#website","url":"https:\/\/www.autoursduvin.com\/","name":"AuTours du vin","description":"Votre caviste fondettois","publisher":{"@id":"https:\/\/www.autoursduvin.com\/#organization"},"potentialAction":[{"@type":"SearchAction","target":{"@type":"EntryPoint","urlTemplate":"https:\/\/www.autoursduvin.com\/?s={search_term_string}"},"query-input":"required name=search_term_string"}],"inLanguage":"fr-FR"},{"@type":"Organization","@id":"https:\/\/www.autoursduvin.com\/#organization","name":"AuTours du vin","url":"https:\/\/www.autoursduvin.com\/","logo":{"@type":"ImageObject","inLanguage":"fr-FR","@id":"https:\/\/www.autoursduvin.com\/#\/schema\/logo\/image\/","url":"https:\/\/www.autoursduvin.com\/wp-content\/uploads\/2022\/04\/Sans_titre__8_-removebg-preview.png","contentUrl":"https:\/\/www.autoursduvin.com\/wp-content\/uploads\/2022\/04\/Sans_titre__8_-removebg-preview.png","width":500,"height":500,"caption":"AuTours du vin"},"image":{"@id":"https:\/\/www.autoursduvin.com\/#\/schema\/logo\/image\/"}}]}},"jetpack_sharing_enabled":true,"_links":{"self":[{"href":"https:\/\/www.autoursduvin.com\/index.php\/wp-json\/wp\/v2\/pages\/47"}],"collection":[{"href":"https:\/\/www.autoursduvin.com\/index.php\/wp-json\/wp\/v2\/pages"}],"about":[{"href":"https:\/\/www.autoursduvin.com\/index.php\/wp-json\/wp\/v2\/types\/page"}],"author":[{"embeddable":true,"href":"https:\/\/www.autoursduvin.com\/index.php\/wp-json\/wp\/v2\/users\/1"}],"replies":[{"embeddable":true,"href":"https:\/\/www.autoursduvin.com\/index.php\/wp-json\/wp\/v2\/comments?post=47"}],"version-history":[{"count":19,"href":"https:\/\/www.autoursduvin.com\/index.php\/wp-json\/wp\/v2\/pages\/47\/revisions"}],"predecessor-version":[{"id":226526,"href":"https:\/\/www.autoursduvin.com\/index.php\/wp-json\/wp\/v2\/pages\/47\/revisions\/226526"}],"wp:attachment":[{"href":"https:\/\/www.autoursduvin.com\/index.php\/wp-json\/wp\/v2\/media?parent=47"}],"curies":[{"name":"wp","href":"https:\/\/api.w.org\/{rel}","templated":true}]}}